{"id":296,"date":"2022-09-27T18:10:32","date_gmt":"2022-09-27T18:10:32","guid":{"rendered":"https:\/\/raketa.mtpa.hu\/?page_id=296"},"modified":"2023-03-17T12:09:04","modified_gmt":"2023-03-17T12:09:04","slug":"intezmeny-regisztracio","status":"publish","type":"page","link":"https:\/\/mtpa.hu\/raketa\/intezmeny-regisztracio\/","title":{"rendered":"Int\u00e9zm\u00e9ny regisztr\u00e1ci\u00f3"},"content":{"rendered":"\t\t<div data-elementor-type=\"wp-page\" data-elementor-id=\"296\" class=\"elementor elementor-296\">\n\t\t\t\t\t\t<div class=\"elementor-inner\">\n\t\t\t\t<div class=\"elementor-section-wrap\">\n\t\t\t\t\t\t\t\t\t<section class=\"elementor-section elementor-top-section elementor-element elementor-element-94c35e2 elementor-section-full_width elementor-section-height-default elementor-section-height-default\" data-id=\"94c35e2\" data-element_type=\"section\" data-settings=\"{&quot;jet_parallax_layout_list&quot;:[]}\">\n\t\t\t\t\t\t<div class=\"elementor-container elementor-column-gap-no\">\n\t\t\t\t\t\t\t<div class=\"elementor-row\">\n\t\t\t\t\t<div data-dce-background-color=\"#10505B\" class=\"elementor-column elementor-col-33 elementor-top-column elementor-element elementor-element-b8266b4\" data-id=\"b8266b4\" data-element_type=\"column\" data-settings=\"{&quot;background_background&quot;:&quot;classic&quot;}\">\n\t\t\t<div class=\"elementor-column-wrap elementor-element-populated\">\n\t\t\t\t\t\t\t<div class=\"elementor-widget-wrap\">\n\t\t\t\t\t\t<div class=\"elementor-element elementor-element-76b96ab elementor-widget elementor-widget-image\" data-id=\"76b96ab\" data-element_type=\"widget\" data-widget_type=\"image.default\">\n\t\t\t\t<div class=\"elementor-widget-container\">\n\t\t\t\t\t\t\t\t<div class=\"elementor-image\">\n\t\t\t\t\t\t\t\t\t\t\t\t<img loading=\"lazy\" decoding=\"async\" width=\"523\" height=\"591\" src=\"https:\/\/mtpa.hu\/raketa\/wp-content\/uploads\/2022\/09\/images-bg.png\" class=\"attachment-large size-large wp-image-280\" alt=\"\" srcset=\"https:\/\/mtpa.hu\/raketa\/wp-content\/uploads\/2022\/09\/images-bg.png 523w, https:\/\/mtpa.hu\/raketa\/wp-content\/uploads\/2022\/09\/images-bg-265x300.png 265w\" sizes=\"auto, (max-width: 523px) 100vw, 523px\" \/>\t\t\t\t\t\t\t\t\t\t\t\t\t\t<\/div>\n\t\t\t\t\t\t<\/div>\n\t\t\t\t<\/div>\n\t\t\t\t\t\t<\/div>\n\t\t\t\t\t<\/div>\n\t\t<\/div>\n\t\t\t\t<div data-dce-background-color=\"#FEFBF4\" class=\"elementor-column elementor-col-66 elementor-top-column elementor-element elementor-element-15d367b\" data-id=\"15d367b\" data-element_type=\"column\" data-settings=\"{&quot;background_background&quot;:&quot;classic&quot;}\">\n\t\t\t<div class=\"elementor-column-wrap elementor-element-populated\">\n\t\t\t\t\t\t\t<div class=\"elementor-widget-wrap\">\n\t\t\t\t\t\t<section class=\"elementor-section elementor-inner-section elementor-element elementor-element-45bfb44 elementor-section-boxed elementor-section-height-default elementor-section-height-default\" data-id=\"45bfb44\" data-element_type=\"section\" data-settings=\"{&quot;jet_parallax_layout_list&quot;:[]}\">\n\t\t\t\t\t\t<div class=\"elementor-container elementor-column-gap-default\">\n\t\t\t\t\t\t\t<div class=\"elementor-row\">\n\t\t\t\t\t<div class=\"elementor-column elementor-col-33 elementor-inner-column elementor-element elementor-element-8a0a33b\" data-id=\"8a0a33b\" data-element_type=\"column\">\n\t\t\t<div class=\"elementor-column-wrap\">\n\t\t\t\t\t\t\t<div class=\"elementor-widget-wrap\">\n\t\t\t\t\t\t\t\t<\/div>\n\t\t\t\t\t<\/div>\n\t\t<\/div>\n\t\t\t\t<div data-dce-background-color=\"#FFFFFF\" class=\"elementor-column elementor-col-33 elementor-inner-column elementor-element elementor-element-9d7466a\" data-id=\"9d7466a\" data-element_type=\"column\" data-settings=\"{&quot;background_background&quot;:&quot;classic&quot;}\">\n\t\t\t<div class=\"elementor-column-wrap elementor-element-populated\">\n\t\t\t\t\t\t\t<div class=\"elementor-widget-wrap\">\n\t\t\t\t\t\t<div class=\"elementor-element elementor-element-781dfed elementor-widget elementor-widget-heading\" data-id=\"781dfed\" data-element_type=\"widget\" data-widget_type=\"heading.default\">\n\t\t\t\t<div class=\"elementor-widget-container\">\n\t\t\t<h2 class=\"elementor-heading-title elementor-size-default\">Kapcsolatfelv\u00e9tel<\/h2>\t\t<\/div>\n\t\t\t\t<\/div>\n\t\t\t\t<div class=\"elementor-element elementor-element-1e00189 elementor-button-align-stretch elementor-widget elementor-widget-form\" data-id=\"1e00189\" data-element_type=\"widget\" data-settings=\"{&quot;step_next_label&quot;:&quot;Next&quot;,&quot;step_previous_label&quot;:&quot;Previous&quot;,&quot;button_width&quot;:&quot;100&quot;,&quot;step_type&quot;:&quot;number_text&quot;,&quot;step_icon_shape&quot;:&quot;circle&quot;}\" data-widget_type=\"form.default\">\n\t\t\t\t<div class=\"elementor-widget-container\">\n\t\t\t\t\t<form class=\"elementor-form\" method=\"post\" name=\"New Form\">\n\t\t\t<input type=\"hidden\" name=\"post_id\" value=\"296\"\/>\n\t\t\t<input type=\"hidden\" name=\"form_id\" value=\"1e00189\"\/>\n\t\t\t<input type=\"hidden\" name=\"referer_title\" value=\"Rak\u00e9ta\" \/>\n\n\t\t\t\n\t\t\t<div class=\"elementor-form-fields-wrapper elementor-labels-above\">\n\t\t\t\t\t\t\t\t<div class=\"elementor-field-type-text elementor-field-group elementor-column elementor-field-group-name elementor-col-100\">\n\t\t\t\t\t\t\t\t\t\t\t\t<label for=\"form-field-name\" class=\"elementor-field-label\">\n\t\t\t\t\t\t\t\tInt\u00e9zm\u00e9ny neve\t\t\t\t\t\t\t<\/label>\n\t\t\t\t\t\t\t\t\t\t\t\t\t\t<input size=\"1\" type=\"text\" name=\"form_fields[name]\" id=\"form-field-name\" class=\"elementor-field elementor-size-sm  elementor-field-textual\">\n\t\t\t\t\t\t\t\t\t\t\t<\/div>\n\t\t\t\t\t\t\t\t<div class=\"elementor-field-type-email elementor-field-group elementor-column elementor-field-group-email elementor-col-100 elementor-field-required\">\n\t\t\t\t\t\t\t\t\t\t\t\t<label for=\"form-field-email\" class=\"elementor-field-label\">\n\t\t\t\t\t\t\t\tEmail c\u00edm\t\t\t\t\t\t\t<\/label>\n\t\t\t\t\t\t\t\t\t\t\t\t\t\t<input size=\"1\" type=\"email\" name=\"form_fields[email]\" id=\"form-field-email\" class=\"elementor-field elementor-size-sm  elementor-field-textual\" required=\"required\" aria-required=\"true\">\n\t\t\t\t\t\t\t\t\t\t\t<\/div>\n\t\t\t\t\t\t\t\t<div class=\"elementor-field-type-text elementor-field-group elementor-column elementor-field-group-field_ba8bbbd elementor-col-100\">\n\t\t\t\t\t\t\t\t\t\t\t\t<label for=\"form-field-field_ba8bbbd\" class=\"elementor-field-label\">\n\t\t\t\t\t\t\t\tTelefonsz\u00e1m\t\t\t\t\t\t\t<\/label>\n\t\t\t\t\t\t\t\t\t\t\t\t\t\t<input size=\"1\" type=\"text\" name=\"form_fields[field_ba8bbbd]\" id=\"form-field-field_ba8bbbd\" class=\"elementor-field elementor-size-sm  elementor-field-textual\">\n\t\t\t\t\t\t\t\t\t\t\t<\/div>\n\t\t\t\t\t\t\t\t<div class=\"elementor-field-type-text elementor-field-group elementor-column elementor-field-group-field_9c89a27 elementor-col-100\">\n\t\t\t\t\t\t\t\t\t\t\t\t<label for=\"form-field-field_9c89a27\" class=\"elementor-field-label\">\n\t\t\t\t\t\t\t\tKapcsolattart\u00f3 neve\t\t\t\t\t\t\t<\/label>\n\t\t\t\t\t\t\t\t\t\t\t\t\t\t<input size=\"1\" type=\"text\" name=\"form_fields[field_9c89a27]\" id=\"form-field-field_9c89a27\" class=\"elementor-field elementor-size-sm  elementor-field-textual\">\n\t\t\t\t\t\t\t\t\t\t\t<\/div>\n\t\t\t\t\t\t\t\t<div class=\"elementor-field-group elementor-column elementor-field-type-submit elementor-col-100 e-form__buttons\">\n\t\t\t\t\t<button type=\"submit\" class=\"elementor-button elementor-size-sm\">\n\t\t\t\t\t\t<span >\n\t\t\t\t\t\t\t\t\t\t\t\t\t\t\t<span class=\" elementor-button-icon\">\n\t\t\t\t\t\t\t\t\t\t\t\t\t\t\t\t\t\t\t\t\t\t\t\t\t\t<\/span>\n\t\t\t\t\t\t\t\t\t\t\t\t\t\t\t\t\t\t\t\t\t\t<span class=\"elementor-button-text\">Kapcsolat felv\u00e9tele<\/span>\n\t\t\t\t\t\t\t\t\t\t\t\t\t<\/span>\n\t\t\t\t\t<\/button>\n\t\t\t\t<\/div>\n\t\t\t<\/div>\n\t\t<\/form>\n\t\t\t\t<\/div>\n\t\t\t\t<\/div>\n\t\t\t\t\t\t<\/div>\n\t\t\t\t\t<\/div>\n\t\t<\/div>\n\t\t\t\t<div class=\"elementor-column elementor-col-33 elementor-inner-column elementor-element elementor-element-e1d787a\" data-id=\"e1d787a\" data-element_type=\"column\">\n\t\t\t<div class=\"elementor-column-wrap\">\n\t\t\t\t\t\t\t<div class=\"elementor-widget-wrap\">\n\t\t\t\t\t\t\t\t<\/div>\n\t\t\t\t\t<\/div>\n\t\t<\/div>\n\t\t\t\t\t\t\t\t<\/div>\n\t\t\t\t\t<\/div>\n\t\t<\/section>\n\t\t\t\t\t\t<\/div>\n\t\t\t\t\t<\/div>\n\t\t<\/div>\n\t\t\t\t\t\t\t\t<\/div>\n\t\t\t\t\t<\/div>\n\t\t<\/section>\n\t\t\t\t\t\t\t\t\t<\/div>\n\t\t\t<\/div>\n\t\t\t\t\t<\/div>\n\t\t","protected":false},"excerpt":{"rendered":"<p>Kapcsolatfelv\u00e9tel<\/p>\n","protected":false},"author":1,"featured_media":0,"parent":0,"menu_order":0,"comment_status":"closed","ping_status":"closed","template":"elementor_header_footer","meta":{"footnotes":""},"class_list":["post-296","page","type-page","status-publish","hentry"],"yoast_head":"<!-- This site is optimized with the Yoast SEO plugin v19.7.1 - https:\/\/yoast.com\/wordpress\/plugins\/seo\/ -->\n<title>Int\u00e9zm\u00e9ny regisztr\u00e1ci\u00f3 - Rak\u00e9ta<\/title>\n<meta name=\"robots\" content=\"index, follow, max-snippet:-1, max-image-preview:large, max-video-preview:-1\" \/>\n<link rel=\"canonical\" href=\"https:\/\/mtpa.hu\/raketa\/intezmeny-regisztracio\/\" \/>\n<meta property=\"og:locale\" content=\"hu_HU\" \/>\n<meta property=\"og:type\" content=\"article\" \/>\n<meta property=\"og:title\" content=\"Int\u00e9zm\u00e9ny regisztr\u00e1ci\u00f3 - Rak\u00e9ta\" \/>\n<meta property=\"og:description\" content=\"Kapcsolatfelv\u00e9tel\" \/>\n<meta property=\"og:url\" content=\"https:\/\/mtpa.hu\/raketa\/intezmeny-regisztracio\/\" \/>\n<meta property=\"og:site_name\" content=\"Rak\u00e9ta\" \/>\n<meta property=\"article:modified_time\" content=\"2023-03-17T12:09:04+00:00\" \/>\n<meta property=\"og:image\" content=\"https:\/\/mtpa.hu\/raketa\/wp-content\/uploads\/2022\/09\/images-bg.png\" \/>\n<meta name=\"twitter:card\" content=\"summary_large_image\" \/>\n<meta name=\"twitter:label1\" content=\"Becs\u00fclt olvas\u00e1si id\u0151\" \/>\n\t<meta name=\"twitter:data1\" content=\"1 perc\" \/>\n<script type=\"application\/ld+json\" class=\"yoast-schema-graph\">{\"@context\":\"https:\/\/schema.org\",\"@graph\":[{\"@type\":\"WebPage\",\"@id\":\"https:\/\/mtpa.hu\/raketa\/intezmeny-regisztracio\/\",\"url\":\"https:\/\/mtpa.hu\/raketa\/intezmeny-regisztracio\/\",\"name\":\"Int\u00e9zm\u00e9ny regisztr\u00e1ci\u00f3 - Rak\u00e9ta\",\"isPartOf\":{\"@id\":\"https:\/\/mtpa.hu\/raketa\/#website\"},\"datePublished\":\"2022-09-27T18:10:32+00:00\",\"dateModified\":\"2023-03-17T12:09:04+00:00\",\"breadcrumb\":{\"@id\":\"https:\/\/mtpa.hu\/raketa\/intezmeny-regisztracio\/#breadcrumb\"},\"inLanguage\":\"hu\",\"potentialAction\":[{\"@type\":\"ReadAction\",\"target\":[\"https:\/\/mtpa.hu\/raketa\/intezmeny-regisztracio\/\"]}]},{\"@type\":\"BreadcrumbList\",\"@id\":\"https:\/\/mtpa.hu\/raketa\/intezmeny-regisztracio\/#breadcrumb\",\"itemListElement\":[{\"@type\":\"ListItem\",\"position\":1,\"name\":\"MTPA\",\"item\":\"https:\/\/mtpa.hu\/raketa\/\"},{\"@type\":\"ListItem\",\"position\":2,\"name\":\"Int\u00e9zm\u00e9ny regisztr\u00e1ci\u00f3\"}]},{\"@type\":\"WebSite\",\"@id\":\"https:\/\/mtpa.hu\/raketa\/#website\",\"url\":\"https:\/\/mtpa.hu\/raketa\/\",\"name\":\"Rak\u00e9ta\",\"description\":\"\",\"publisher\":{\"@id\":\"https:\/\/mtpa.hu\/raketa\/#organization\"},\"potentialAction\":[{\"@type\":\"SearchAction\",\"target\":{\"@type\":\"EntryPoint\",\"urlTemplate\":\"https:\/\/mtpa.hu\/raketa\/?s={search_term_string}\"},\"query-input\":\"required name=search_term_string\"}],\"inLanguage\":\"hu\"},{\"@type\":\"Organization\",\"@id\":\"https:\/\/mtpa.hu\/raketa\/#organization\",\"name\":\"Rak\u00e9ta\",\"url\":\"https:\/\/mtpa.hu\/raketa\/\",\"sameAs\":[],\"logo\":{\"@type\":\"ImageObject\",\"inLanguage\":\"hu\",\"@id\":\"https:\/\/mtpa.hu\/raketa\/#\/schema\/logo\/image\/\",\"url\":\"https:\/\/mtpa.hu\/raketa\/wp-content\/uploads\/2022\/09\/user.png\",\"contentUrl\":\"https:\/\/mtpa.hu\/raketa\/wp-content\/uploads\/2022\/09\/user.png\",\"width\":50,\"height\":50,\"caption\":\"Rak\u00e9ta\"},\"image\":{\"@id\":\"https:\/\/mtpa.hu\/raketa\/#\/schema\/logo\/image\/\"}}]}<\/script>\n<!-- \/ Yoast SEO plugin. -->","yoast_head_json":{"title":"Int\u00e9zm\u00e9ny regisztr\u00e1ci\u00f3 - Rak\u00e9ta","robots":{"index":"index","follow":"follow","max-snippet":"max-snippet:-1","max-image-preview":"max-image-preview:large","max-video-preview":"max-video-preview:-1"},"canonical":"https:\/\/mtpa.hu\/raketa\/intezmeny-regisztracio\/","og_locale":"hu_HU","og_type":"article","og_title":"Int\u00e9zm\u00e9ny regisztr\u00e1ci\u00f3 - Rak\u00e9ta","og_description":"Kapcsolatfelv\u00e9tel","og_url":"https:\/\/mtpa.hu\/raketa\/intezmeny-regisztracio\/","og_site_name":"Rak\u00e9ta","article_modified_time":"2023-03-17T12:09:04+00:00","og_image":[{"url":"https:\/\/mtpa.hu\/raketa\/wp-content\/uploads\/2022\/09\/images-bg.png"}],"twitter_card":"summary_large_image","twitter_misc":{"Becs\u00fclt olvas\u00e1si id\u0151":"1 perc"},"schema":{"@context":"https:\/\/schema.org","@graph":[{"@type":"WebPage","@id":"https:\/\/mtpa.hu\/raketa\/intezmeny-regisztracio\/","url":"https:\/\/mtpa.hu\/raketa\/intezmeny-regisztracio\/","name":"Int\u00e9zm\u00e9ny regisztr\u00e1ci\u00f3 - Rak\u00e9ta","isPartOf":{"@id":"https:\/\/mtpa.hu\/raketa\/#website"},"datePublished":"2022-09-27T18:10:32+00:00","dateModified":"2023-03-17T12:09:04+00:00","breadcrumb":{"@id":"https:\/\/mtpa.hu\/raketa\/intezmeny-regisztracio\/#breadcrumb"},"inLanguage":"hu","potentialAction":[{"@type":"ReadAction","target":["https:\/\/mtpa.hu\/raketa\/intezmeny-regisztracio\/"]}]},{"@type":"BreadcrumbList","@id":"https:\/\/mtpa.hu\/raketa\/intezmeny-regisztracio\/#breadcrumb","itemListElement":[{"@type":"ListItem","position":1,"name":"MTPA","item":"https:\/\/mtpa.hu\/raketa\/"},{"@type":"ListItem","position":2,"name":"Int\u00e9zm\u00e9ny regisztr\u00e1ci\u00f3"}]},{"@type":"WebSite","@id":"https:\/\/mtpa.hu\/raketa\/#website","url":"https:\/\/mtpa.hu\/raketa\/","name":"Rak\u00e9ta","description":"","publisher":{"@id":"https:\/\/mtpa.hu\/raketa\/#organization"},"potentialAction":[{"@type":"SearchAction","target":{"@type":"EntryPoint","urlTemplate":"https:\/\/mtpa.hu\/raketa\/?s={search_term_string}"},"query-input":"required name=search_term_string"}],"inLanguage":"hu"},{"@type":"Organization","@id":"https:\/\/mtpa.hu\/raketa\/#organization","name":"Rak\u00e9ta","url":"https:\/\/mtpa.hu\/raketa\/","sameAs":[],"logo":{"@type":"ImageObject","inLanguage":"hu","@id":"https:\/\/mtpa.hu\/raketa\/#\/schema\/logo\/image\/","url":"https:\/\/mtpa.hu\/raketa\/wp-content\/uploads\/2022\/09\/user.png","contentUrl":"https:\/\/mtpa.hu\/raketa\/wp-content\/uploads\/2022\/09\/user.png","width":50,"height":50,"caption":"Rak\u00e9ta"},"image":{"@id":"https:\/\/mtpa.hu\/raketa\/#\/schema\/logo\/image\/"}}]}},"_links":{"self":[{"href":"https:\/\/mtpa.hu\/raketa\/wp-json\/wp\/v2\/pages\/296","targetHints":{"allow":["GET"]}}],"collection":[{"href":"https:\/\/mtpa.hu\/raketa\/wp-json\/wp\/v2\/pages"}],"about":[{"href":"https:\/\/mtpa.hu\/raketa\/wp-json\/wp\/v2\/types\/page"}],"author":[{"embeddable":true,"href":"https:\/\/mtpa.hu\/raketa\/wp-json\/wp\/v2\/users\/1"}],"replies":[{"embeddable":true,"href":"https:\/\/mtpa.hu\/raketa\/wp-json\/wp\/v2\/comments?post=296"}],"version-history":[{"count":46,"href":"https:\/\/mtpa.hu\/raketa\/wp-json\/wp\/v2\/pages\/296\/revisions"}],"predecessor-version":[{"id":3005,"href":"https:\/\/mtpa.hu\/raketa\/wp-json\/wp\/v2\/pages\/296\/revisions\/3005"}],"wp:attachment":[{"href":"https:\/\/mtpa.hu\/raketa\/wp-json\/wp\/v2\/media?parent=296"}],"curies":[{"name":"wp","href":"https:\/\/api.w.org\/{rel}","templated":true}]}}