{"id":17,"date":"2022-09-21T14:42:53","date_gmt":"2022-09-21T14:42:53","guid":{"rendered":"https:\/\/raketa.mtpa.hu\/?page_id=17"},"modified":"2025-10-13T11:36:00","modified_gmt":"2025-10-13T11:36:00","slug":"fooldal","status":"publish","type":"page","link":"https:\/\/mtpa.hu\/raketa\/","title":{"rendered":"F\u0151oldal"},"content":{"rendered":"\t\t<div data-elementor-type=\"wp-page\" data-elementor-id=\"17\" class=\"elementor elementor-17\">\n\t\t\t\t\t\t<div class=\"elementor-inner\">\n\t\t\t\t<div class=\"elementor-section-wrap\">\n\t\t\t\t\t\t\t\t\t<section class=\"elementor-section elementor-top-section elementor-element elementor-element-3450a96 elementor-section-full_width elementor-section-height-min-height elementor-section-height-default elementor-section-items-middle\" data-id=\"3450a96\" data-element_type=\"section\" data-settings=\"{&quot;jet_parallax_layout_list&quot;:[]}\">\n\t\t\t\t\t\t<div class=\"elementor-container elementor-column-gap-no\">\n\t\t\t\t\t\t\t<div class=\"elementor-row\">\n\t\t\t\t\t<div class=\"elementor-column elementor-col-100 elementor-top-column elementor-element elementor-element-bccbf7a\" data-id=\"bccbf7a\" data-element_type=\"column\">\n\t\t\t<div class=\"elementor-column-wrap elementor-element-populated\">\n\t\t\t\t\t\t\t<div class=\"elementor-widget-wrap\">\n\t\t\t\t\t\t<div class=\"elementor-element elementor-element-b6977d9 elementor-widget elementor-widget-heading\" data-id=\"b6977d9\" data-element_type=\"widget\" data-widget_type=\"heading.default\">\n\t\t\t\t<div class=\"elementor-widget-container\">\n\t\t\t<h2 class=\"elementor-heading-title elementor-size-default\">V\u00e1lassz a RaK\u00c9Ta projektek k\u00f6z\u00fcl<\/h2>\t\t<\/div>\n\t\t\t\t<\/div>\n\t\t\t\t<div class=\"elementor-element elementor-element-c80141e elementor-widget elementor-widget-heading\" data-id=\"c80141e\" data-element_type=\"widget\" data-widget_type=\"heading.default\">\n\t\t\t\t<div class=\"elementor-widget-container\">\n\t\t\t<h2 class=\"elementor-heading-title elementor-size-default\">A <span data-start=\"62\" data-end=\"80\" style=\"\">RaK\u00c9Ta program<\/span> foglalja mag\u00e1ba a rendezv\u00e9nyipari k\u00e9pz\u00e9ssel \u00f6sszef\u00fcgg\u0151 projektjeinket, mint az <span data-start=\"160\" data-end=\"241\" style=\"\">Alap\u00edtv\u00e1ny szakmai gyakorlatra biztos\u00edtott rendezv\u00e9nyipari \u00f6szt\u00f6nd\u00edjprogramja<\/span>, valamint a <span data-start=\"254\" data-end=\"288\" style=\"\">Rendezv\u00e9nyipari K\u00e9pz\u00e9si T\u00e9rk\u00e9p<\/span>.<\/h2>\t\t<\/div>\n\t\t\t\t<\/div>\n\t\t\t\t<div class=\"elementor-element elementor-element-6528a10 elementor-absolute elementor-hidden-tablet elementor-hidden-mobile elementor-widget elementor-widget-image\" data-id=\"6528a10\" data-element_type=\"widget\" data-settings=\"{&quot;_position&quot;:&quot;absolute&quot;}\" data-widget_type=\"image.default\">\n\t\t\t\t<div class=\"elementor-widget-container\">\n\t\t\t\t\t\t\t\t<div class=\"elementor-image\">\n\t\t\t\t\t\t\t\t\t\t\t\t<img loading=\"lazy\" decoding=\"async\" width=\"197\" height=\"43\" src=\"https:\/\/mtpa.hu\/raketa\/wp-content\/uploads\/2022\/09\/Group-4292.png\" class=\"attachment-large size-large wp-image-72\" alt=\"\" \/>\t\t\t\t\t\t\t\t\t\t\t\t\t\t<\/div>\n\t\t\t\t\t\t<\/div>\n\t\t\t\t<\/div>\n\t\t\t\t<div class=\"elementor-element elementor-element-1ddd16b elementor-hidden-desktop elementor-widget elementor-widget-image\" data-id=\"1ddd16b\" data-element_type=\"widget\" data-widget_type=\"image.default\">\n\t\t\t\t<div class=\"elementor-widget-container\">\n\t\t\t\t\t\t\t\t<div class=\"elementor-image\">\n\t\t\t\t\t\t\t\t\t\t\t\t<img loading=\"lazy\" decoding=\"async\" width=\"197\" height=\"43\" src=\"https:\/\/mtpa.hu\/raketa\/wp-content\/uploads\/2022\/09\/Group-4292.png\" class=\"attachment-large size-large wp-image-72\" alt=\"\" \/>\t\t\t\t\t\t\t\t\t\t\t\t\t\t<\/div>\n\t\t\t\t\t\t<\/div>\n\t\t\t\t<\/div>\n\t\t\t\t<section class=\"elementor-section elementor-inner-section elementor-element elementor-element-15c67ce elementor-section-boxed elementor-section-height-default elementor-section-height-default\" data-id=\"15c67ce\" data-element_type=\"section\" data-settings=\"{&quot;jet_parallax_layout_list&quot;:[]}\">\n\t\t\t\t\t\t<div class=\"elementor-container elementor-column-gap-no\">\n\t\t\t\t\t\t\t<div class=\"elementor-row\">\n\t\t\t\t\t<div class=\"elementor-column elementor-col-100 elementor-inner-column elementor-element elementor-element-6ad69ba\" data-id=\"6ad69ba\" data-element_type=\"column\">\n\t\t\t<div class=\"elementor-column-wrap elementor-element-populated\">\n\t\t\t\t\t\t\t<div class=\"elementor-widget-wrap\">\n\t\t\t\t\t\t<div class=\"elementor-element elementor-element-c7fe991 elementor-widget__width-initial elementor-widget elementor-widget-video\" data-id=\"c7fe991\" data-element_type=\"widget\" data-settings=\"{&quot;video_type&quot;:&quot;hosted&quot;,&quot;autoplay&quot;:&quot;yes&quot;,&quot;play_on_mobile&quot;:&quot;yes&quot;,&quot;loop&quot;:&quot;yes&quot;,&quot;mute&quot;:&quot;yes&quot;}\" data-widget_type=\"video.default\">\n\t\t\t\t<div class=\"elementor-widget-container\">\n\t\t\t\t\t<div class=\"e-hosted-video elementor-wrapper elementor-open-inline\">\n\t\t\t\t\t<video class=\"elementor-video\" src=\"https:\/\/mtpa.hu\/raketa\/wp-content\/uploads\/2023\/03\/raketa_web_promo_video.mp4\" autoplay=\"\" loop=\"\" muted=\"muted\" playsinline=\"\" controlsList=\"nodownload\"><\/video>\n\t\t\t\t<\/div>\n\t\t\t\t<\/div>\n\t\t\t\t<\/div>\n\t\t\t\t\t\t<\/div>\n\t\t\t\t\t<\/div>\n\t\t<\/div>\n\t\t\t\t\t\t\t\t<\/div>\n\t\t\t\t\t<\/div>\n\t\t<\/section>\n\t\t\t\t<section class=\"elementor-section elementor-inner-section elementor-element elementor-element-f262639 elementor-section-boxed elementor-section-height-default elementor-section-height-default\" data-id=\"f262639\" data-element_type=\"section\" data-settings=\"{&quot;jet_parallax_layout_list&quot;:[]}\">\n\t\t\t\t\t\t<div class=\"elementor-container elementor-column-gap-no\">\n\t\t\t\t\t\t\t<div class=\"elementor-row\">\n\t\t\t\t\t<div class=\"elementor-column elementor-col-50 elementor-inner-column elementor-element elementor-element-bcf0592\" data-id=\"bcf0592\" data-element_type=\"column\">\n\t\t\t<div class=\"elementor-column-wrap elementor-element-populated\">\n\t\t\t\t\t\t\t<div class=\"elementor-widget-wrap\">\n\t\t\t\t\t\t<div data-dce-background-color=\"#439093\" class=\"elementor-element elementor-element-3fed04f elementor-align-center elementor-widget elementor-widget-button\" data-id=\"3fed04f\" data-element_type=\"widget\" data-widget_type=\"button.default\">\n\t\t\t\t<div class=\"elementor-widget-container\">\n\t\t\t\t\t<div class=\"elementor-button-wrapper\">\n\t\t\t<a href=\"https:\/\/mtpa.hu\/raketa\/terkep-fooldal\/\" class=\"elementor-button-link elementor-button elementor-size-md\" role=\"button\">\n\t\t\t\t\t\t<span class=\"elementor-button-content-wrapper\">\n\t\t\t\t\t\t\t<span class=\"elementor-button-icon elementor-align-icon-left\">\n\t\t\t\t<svg xmlns=\"http:\/\/www.w3.org\/2000\/svg\" width=\"38\" height=\"38\" viewBox=\"0 0 38 38\" fill=\"none\"><path d=\"M36.7122 0.328613L36.3789 0.391113L25.2539 4.70361L12.7539 0.328613L1.00391 4.28695C0.566406 4.43278 0.253906 4.80778 0.253906 5.28695V36.7869C0.253906 37.3703 0.71224 37.8286 1.29557 37.8286L1.62891 37.7661L12.7539 33.4536L25.2539 37.8286L37.0039 33.8703C37.4414 33.7244 37.7539 33.3494 37.7539 32.8703V1.37028C37.7539 0.786947 37.2956 0.328613 36.7122 0.328613ZM25.2539 33.6619L12.7539 29.2661V4.49528L25.2539 8.89111V33.6619Z\" fill=\"white\"><\/path><\/svg>\t\t\t<\/span>\n\t\t\t\t\t\t<span class=\"elementor-button-text\">Tov\u00e1bb a t\u00e9rk\u00e9pre<\/span>\n\t\t<\/span>\n\t\t\t\t\t<\/a>\n\t\t<\/div>\n\t\t\t\t<\/div>\n\t\t\t\t<\/div>\n\t\t\t\t\t\t<\/div>\n\t\t\t\t\t<\/div>\n\t\t<\/div>\n\t\t\t\t<div class=\"elementor-column elementor-col-50 elementor-inner-column elementor-element elementor-element-9c9a824\" data-id=\"9c9a824\" data-element_type=\"column\">\n\t\t\t<div class=\"elementor-column-wrap elementor-element-populated\">\n\t\t\t\t\t\t\t<div class=\"elementor-widget-wrap\">\n\t\t\t\t\t\t<div data-dce-background-color=\"#FFFFFF00\" class=\"elementor-element elementor-element-4fd1287 elementor-align-center elementor-widget elementor-widget-button\" data-id=\"4fd1287\" data-element_type=\"widget\" data-widget_type=\"button.default\">\n\t\t\t\t<div class=\"elementor-widget-container\">\n\t\t\t\t\t<div class=\"elementor-button-wrapper\">\n\t\t\t<a href=\"https:\/\/mtpa.hu\/raketa\/osztondijprogram\/\" class=\"elementor-button-link elementor-button elementor-size-md\" role=\"button\">\n\t\t\t\t\t\t<span class=\"elementor-button-content-wrapper\">\n\t\t\t\t\t\t\t<span class=\"elementor-button-icon elementor-align-icon-left\">\n\t\t\t\t<svg xmlns=\"http:\/\/www.w3.org\/2000\/svg\" width=\"38\" height=\"38\" viewBox=\"0 0 38 38\" fill=\"none\"><path d=\"M9.92773 11.7349C10.3444 11.7349 10.709 11.5786 11.0215 11.2661C11.334 10.9536 11.4902 10.589 11.4902 10.1724C11.4902 9.7557 11.334 9.39111 11.0215 9.07861C10.709 8.76611 10.3444 8.60986 9.92773 8.60986C9.51107 8.60986 9.14648 8.76611 8.83398 9.07861C8.52148 9.39111 8.36523 9.7557 8.36523 10.1724C8.36523 10.589 8.52148 10.9536 8.83398 11.2661C9.14648 11.5786 9.51107 11.7349 9.92773 11.7349ZM9.92773 20.6411C10.3444 20.6411 10.709 20.4849 11.0215 20.1724C11.334 19.8599 11.4902 19.4953 11.4902 19.0786C11.4902 18.6619 11.334 18.2974 11.0215 17.9849C10.709 17.6724 10.3444 17.5161 9.92773 17.5161C9.51107 17.5161 9.14648 17.6724 8.83398 17.9849C8.52148 18.2974 8.36523 18.6619 8.36523 19.0786C8.36523 19.4953 8.52148 19.8599 8.83398 20.1724C9.14648 20.4849 9.51107 20.6411 9.92773 20.6411ZM9.92773 29.5474C10.3444 29.5474 10.709 29.3911 11.0215 29.0786C11.334 28.7661 11.4902 28.4015 11.4902 27.9849C11.4902 27.5682 11.334 27.2036 11.0215 26.8911C10.709 26.5786 10.3444 26.4224 9.92773 26.4224C9.51107 26.4224 9.14648 26.5786 8.83398 26.8911C8.52148 27.2036 8.36523 27.5682 8.36523 27.9849C8.36523 28.4015 8.52148 28.7661 8.83398 29.0786C9.14648 29.3911 9.51107 29.5474 9.92773 29.5474ZM3.20898 37.8286C2.37565 37.8286 1.64648 37.5161 1.02148 36.8911C0.396484 36.2661 0.0839844 35.5369 0.0839844 34.7036V3.45361C0.0839844 2.62028 0.396484 1.89111 1.02148 1.26611C1.64648 0.641113 2.37565 0.328613 3.20898 0.328613H27.2715L37.584 10.6411V34.7036C37.584 35.5369 37.2715 36.2661 36.6465 36.8911C36.0215 37.5161 35.2923 37.8286 34.459 37.8286H3.20898ZM3.20898 34.7036H34.459V12.3599H25.5527V3.45361H3.20898V34.7036ZM3.20898 3.45361V12.3599V3.45361V34.7036V3.45361Z\" fill=\"#10505B\"><\/path><\/svg>\t\t\t<\/span>\n\t\t\t\t\t\t<span class=\"elementor-button-text\">Tov\u00e1bb az \u00f6szt\u00f6nd\u00edjprogramra<\/span>\n\t\t<\/span>\n\t\t\t\t\t<\/a>\n\t\t<\/div>\n\t\t\t\t<\/div>\n\t\t\t\t<\/div>\n\t\t\t\t\t\t<\/div>\n\t\t\t\t\t<\/div>\n\t\t<\/div>\n\t\t\t\t\t\t\t\t<\/div>\n\t\t\t\t\t<\/div>\n\t\t<\/section>\n\t\t\t\t<div class=\"elementor-element elementor-element-81cc106 elementor-absolute elementor-widget elementor-widget-image\" data-id=\"81cc106\" data-element_type=\"widget\" data-settings=\"{&quot;_position&quot;:&quot;absolute&quot;}\" data-widget_type=\"image.default\">\n\t\t\t\t<div class=\"elementor-widget-container\">\n\t\t\t\t\t\t\t\t<div class=\"elementor-image\">\n\t\t\t\t\t\t\t\t\t\t\t\t<img loading=\"lazy\" decoding=\"async\" width=\"197\" height=\"43\" src=\"https:\/\/mtpa.hu\/raketa\/wp-content\/uploads\/2022\/09\/Group-4292.png\" class=\"attachment-large size-large wp-image-72\" alt=\"\" \/>\t\t\t\t\t\t\t\t\t\t\t\t\t\t<\/div>\n\t\t\t\t\t\t<\/div>\n\t\t\t\t<\/div>\n\t\t\t\t<div class=\"elementor-element elementor-element-948e639 elementor-absolute elementor-widget elementor-widget-image\" data-id=\"948e639\" data-element_type=\"widget\" data-settings=\"{&quot;_position&quot;:&quot;absolute&quot;}\" data-widget_type=\"image.default\">\n\t\t\t\t<div class=\"elementor-widget-container\">\n\t\t\t\t\t\t\t\t<div class=\"elementor-image\">\n\t\t\t\t\t\t\t\t\t\t\t\t<img loading=\"lazy\" decoding=\"async\" width=\"78\" height=\"77\" src=\"https:\/\/mtpa.hu\/raketa\/wp-content\/uploads\/2022\/09\/Vector-1.png\" class=\"attachment-large size-large wp-image-102\" alt=\"\" \/>\t\t\t\t\t\t\t\t\t\t\t\t\t\t<\/div>\n\t\t\t\t\t\t<\/div>\n\t\t\t\t<\/div>\n\t\t\t\t\t\t<\/div>\n\t\t\t\t\t<\/div>\n\t\t<\/div>\n\t\t\t\t\t\t\t\t<\/div>\n\t\t\t\t\t<\/div>\n\t\t<\/section>\n\t\t\t\t\t\t\t\t\t<\/div>\n\t\t\t<\/div>\n\t\t\t\t\t<\/div>\n\t\t","protected":false},"excerpt":{"rendered":"<p>V\u00e1lassz a RaK\u00c9Ta projektek k\u00f6z\u00fcl A RaK\u00c9Ta program foglalja mag\u00e1ba a rendezv\u00e9nyipari k\u00e9pz\u00e9ssel \u00f6sszef\u00fcgg\u0151 projektjeinket, mint az Alap\u00edtv\u00e1ny szakmai gyakorlatra biztos\u00edtott rendezv\u00e9nyipari \u00f6szt\u00f6nd\u00edjprogramja, valamint a Rendezv\u00e9nyipari K\u00e9pz\u00e9si T\u00e9rk\u00e9p. https:\/\/mtpa.hu\/raketa\/wp-content\/uploads\/2023\/03\/raketa_web_promo_video.mp4 Tov\u00e1bb a t\u00e9rk\u00e9pre Tov\u00e1bb az \u00f6szt\u00f6nd\u00edjprogramra<\/p>\n","protected":false},"author":1,"featured_media":0,"parent":0,"menu_order":0,"comment_status":"closed","ping_status":"closed","template":"elementor_header_footer","meta":{"footnotes":""},"class_list":["post-17","page","type-page","status-publish","hentry"],"yoast_head":"<!-- This site is optimized with the Yoast SEO plugin v19.7.1 - https:\/\/yoast.com\/wordpress\/plugins\/seo\/ -->\n<title>F\u0151oldal - Rak\u00e9ta<\/title>\n<meta name=\"robots\" content=\"index, follow, max-snippet:-1, max-image-preview:large, max-video-preview:-1\" \/>\n<link rel=\"canonical\" href=\"https:\/\/mtpa.hu\/raketa\/\" \/>\n<meta property=\"og:locale\" content=\"hu_HU\" \/>\n<meta property=\"og:type\" content=\"article\" \/>\n<meta property=\"og:title\" content=\"F\u0151oldal - Rak\u00e9ta\" \/>\n<meta property=\"og:description\" content=\"V\u00e1lassz a RaK\u00c9Ta projektek k\u00f6z\u00fcl A RaK\u00c9Ta program foglalja mag\u00e1ba a rendezv\u00e9nyipari k\u00e9pz\u00e9ssel \u00f6sszef\u00fcgg\u0151 projektjeinket, mint az Alap\u00edtv\u00e1ny szakmai gyakorlatra biztos\u00edtott rendezv\u00e9nyipari \u00f6szt\u00f6nd\u00edjprogramja, valamint a Rendezv\u00e9nyipari K\u00e9pz\u00e9si T\u00e9rk\u00e9p. https:\/\/mtpa.hu\/raketa\/wp-content\/uploads\/2023\/03\/raketa_web_promo_video.mp4 Tov\u00e1bb a t\u00e9rk\u00e9pre Tov\u00e1bb az \u00f6szt\u00f6nd\u00edjprogramra\" \/>\n<meta property=\"og:url\" content=\"https:\/\/mtpa.hu\/raketa\/\" \/>\n<meta property=\"og:site_name\" content=\"Rak\u00e9ta\" \/>\n<meta property=\"article:modified_time\" content=\"2025-10-13T11:36:00+00:00\" \/>\n<meta property=\"og:image\" content=\"https:\/\/mtpa.hu\/raketa\/wp-content\/uploads\/2022\/09\/Group-4292.png\" \/>\n<meta name=\"twitter:card\" content=\"summary_large_image\" \/>\n<meta name=\"twitter:label1\" content=\"Becs\u00fclt olvas\u00e1si id\u0151\" \/>\n\t<meta name=\"twitter:data1\" content=\"1 perc\" \/>\n<script type=\"application\/ld+json\" class=\"yoast-schema-graph\">{\"@context\":\"https:\/\/schema.org\",\"@graph\":[{\"@type\":\"WebPage\",\"@id\":\"https:\/\/mtpa.hu\/raketa\/\",\"url\":\"https:\/\/mtpa.hu\/raketa\/\",\"name\":\"F\u0151oldal - Rak\u00e9ta\",\"isPartOf\":{\"@id\":\"https:\/\/mtpa.hu\/raketa\/#website\"},\"datePublished\":\"2022-09-21T14:42:53+00:00\",\"dateModified\":\"2025-10-13T11:36:00+00:00\",\"breadcrumb\":{\"@id\":\"https:\/\/mtpa.hu\/raketa\/#breadcrumb\"},\"inLanguage\":\"hu\",\"potentialAction\":[{\"@type\":\"ReadAction\",\"target\":[\"https:\/\/mtpa.hu\/raketa\/\"]}]},{\"@type\":\"BreadcrumbList\",\"@id\":\"https:\/\/mtpa.hu\/raketa\/#breadcrumb\",\"itemListElement\":[{\"@type\":\"ListItem\",\"position\":1,\"name\":\"MTPA\",\"item\":\"https:\/\/mtpa.hu\/raketa\/\"},{\"@type\":\"ListItem\",\"position\":2,\"name\":\"F\u0151oldal\"}]},{\"@type\":\"WebSite\",\"@id\":\"https:\/\/mtpa.hu\/raketa\/#website\",\"url\":\"https:\/\/mtpa.hu\/raketa\/\",\"name\":\"Rak\u00e9ta\",\"description\":\"\",\"publisher\":{\"@id\":\"https:\/\/mtpa.hu\/raketa\/#organization\"},\"potentialAction\":[{\"@type\":\"SearchAction\",\"target\":{\"@type\":\"EntryPoint\",\"urlTemplate\":\"https:\/\/mtpa.hu\/raketa\/?s={search_term_string}\"},\"query-input\":\"required name=search_term_string\"}],\"inLanguage\":\"hu\"},{\"@type\":\"Organization\",\"@id\":\"https:\/\/mtpa.hu\/raketa\/#organization\",\"name\":\"Rak\u00e9ta\",\"url\":\"https:\/\/mtpa.hu\/raketa\/\",\"sameAs\":[],\"logo\":{\"@type\":\"ImageObject\",\"inLanguage\":\"hu\",\"@id\":\"https:\/\/mtpa.hu\/raketa\/#\/schema\/logo\/image\/\",\"url\":\"https:\/\/mtpa.hu\/raketa\/wp-content\/uploads\/2022\/09\/user.png\",\"contentUrl\":\"https:\/\/mtpa.hu\/raketa\/wp-content\/uploads\/2022\/09\/user.png\",\"width\":50,\"height\":50,\"caption\":\"Rak\u00e9ta\"},\"image\":{\"@id\":\"https:\/\/mtpa.hu\/raketa\/#\/schema\/logo\/image\/\"}}]}<\/script>\n<!-- \/ Yoast SEO plugin. -->","yoast_head_json":{"title":"F\u0151oldal - Rak\u00e9ta","robots":{"index":"index","follow":"follow","max-snippet":"max-snippet:-1","max-image-preview":"max-image-preview:large","max-video-preview":"max-video-preview:-1"},"canonical":"https:\/\/mtpa.hu\/raketa\/","og_locale":"hu_HU","og_type":"article","og_title":"F\u0151oldal - Rak\u00e9ta","og_description":"V\u00e1lassz a RaK\u00c9Ta projektek k\u00f6z\u00fcl A RaK\u00c9Ta program foglalja mag\u00e1ba a rendezv\u00e9nyipari k\u00e9pz\u00e9ssel \u00f6sszef\u00fcgg\u0151 projektjeinket, mint az Alap\u00edtv\u00e1ny szakmai gyakorlatra biztos\u00edtott rendezv\u00e9nyipari \u00f6szt\u00f6nd\u00edjprogramja, valamint a Rendezv\u00e9nyipari K\u00e9pz\u00e9si T\u00e9rk\u00e9p. https:\/\/mtpa.hu\/raketa\/wp-content\/uploads\/2023\/03\/raketa_web_promo_video.mp4 Tov\u00e1bb a t\u00e9rk\u00e9pre Tov\u00e1bb az \u00f6szt\u00f6nd\u00edjprogramra","og_url":"https:\/\/mtpa.hu\/raketa\/","og_site_name":"Rak\u00e9ta","article_modified_time":"2025-10-13T11:36:00+00:00","og_image":[{"url":"https:\/\/mtpa.hu\/raketa\/wp-content\/uploads\/2022\/09\/Group-4292.png"}],"twitter_card":"summary_large_image","twitter_misc":{"Becs\u00fclt olvas\u00e1si id\u0151":"1 perc"},"schema":{"@context":"https:\/\/schema.org","@graph":[{"@type":"WebPage","@id":"https:\/\/mtpa.hu\/raketa\/","url":"https:\/\/mtpa.hu\/raketa\/","name":"F\u0151oldal - Rak\u00e9ta","isPartOf":{"@id":"https:\/\/mtpa.hu\/raketa\/#website"},"datePublished":"2022-09-21T14:42:53+00:00","dateModified":"2025-10-13T11:36:00+00:00","breadcrumb":{"@id":"https:\/\/mtpa.hu\/raketa\/#breadcrumb"},"inLanguage":"hu","potentialAction":[{"@type":"ReadAction","target":["https:\/\/mtpa.hu\/raketa\/"]}]},{"@type":"BreadcrumbList","@id":"https:\/\/mtpa.hu\/raketa\/#breadcrumb","itemListElement":[{"@type":"ListItem","position":1,"name":"MTPA","item":"https:\/\/mtpa.hu\/raketa\/"},{"@type":"ListItem","position":2,"name":"F\u0151oldal"}]},{"@type":"WebSite","@id":"https:\/\/mtpa.hu\/raketa\/#website","url":"https:\/\/mtpa.hu\/raketa\/","name":"Rak\u00e9ta","description":"","publisher":{"@id":"https:\/\/mtpa.hu\/raketa\/#organization"},"potentialAction":[{"@type":"SearchAction","target":{"@type":"EntryPoint","urlTemplate":"https:\/\/mtpa.hu\/raketa\/?s={search_term_string}"},"query-input":"required name=search_term_string"}],"inLanguage":"hu"},{"@type":"Organization","@id":"https:\/\/mtpa.hu\/raketa\/#organization","name":"Rak\u00e9ta","url":"https:\/\/mtpa.hu\/raketa\/","sameAs":[],"logo":{"@type":"ImageObject","inLanguage":"hu","@id":"https:\/\/mtpa.hu\/raketa\/#\/schema\/logo\/image\/","url":"https:\/\/mtpa.hu\/raketa\/wp-content\/uploads\/2022\/09\/user.png","contentUrl":"https:\/\/mtpa.hu\/raketa\/wp-content\/uploads\/2022\/09\/user.png","width":50,"height":50,"caption":"Rak\u00e9ta"},"image":{"@id":"https:\/\/mtpa.hu\/raketa\/#\/schema\/logo\/image\/"}}]}},"_links":{"self":[{"href":"https:\/\/mtpa.hu\/raketa\/wp-json\/wp\/v2\/pages\/17","targetHints":{"allow":["GET"]}}],"collection":[{"href":"https:\/\/mtpa.hu\/raketa\/wp-json\/wp\/v2\/pages"}],"about":[{"href":"https:\/\/mtpa.hu\/raketa\/wp-json\/wp\/v2\/types\/page"}],"author":[{"embeddable":true,"href":"https:\/\/mtpa.hu\/raketa\/wp-json\/wp\/v2\/users\/1"}],"replies":[{"embeddable":true,"href":"https:\/\/mtpa.hu\/raketa\/wp-json\/wp\/v2\/comments?post=17"}],"version-history":[{"count":229,"href":"https:\/\/mtpa.hu\/raketa\/wp-json\/wp\/v2\/pages\/17\/revisions"}],"predecessor-version":[{"id":3278,"href":"https:\/\/mtpa.hu\/raketa\/wp-json\/wp\/v2\/pages\/17\/revisions\/3278"}],"wp:attachment":[{"href":"https:\/\/mtpa.hu\/raketa\/wp-json\/wp\/v2\/media?parent=17"}],"curies":[{"name":"wp","href":"https:\/\/api.w.org\/{rel}","templated":true}]}}